{"id":1120,"date":"2019-06-11T08:05:36","date_gmt":"2019-06-11T08:05:36","guid":{"rendered":"https:\/\/www.energyefficientfoodindustry.eu\/a-propos\/"},"modified":"2019-06-21T09:42:06","modified_gmt":"2019-06-21T09:42:06","slug":"a-propos","status":"publish","type":"page","link":"https:\/\/www.energyefficientfoodindustry.eu\/fr\/a-propos\/","title":{"rendered":"\u00c1 Propos"},"content":{"rendered":"<p>[vc_row][vc_column width=\u00a0\u00bb3\/4&Prime;]\t<div\r\n\t\t\t\t\tclass=\"bs-shortcode bs-text bscb-85714 bsb-have-heading-color\">\r\n\t\t\t\t<h3 class=\"section-heading sh-t4 sh-s1\">\r\n\t\t\t\t<span class=\"h-text\">Contexte du projet<\/span>\r\n\t\t\t\t<\/h3>\r\n\t\t\t\t<div class=\"bs-text-content\">\r\n\t\t\t<\/p>\n<p style=\"padding-top: 30px;\">Le projet INDUCE d\u00e9veloppera une plate-forme \u00e0 acc\u00e8s ouvert (bo\u00eete \u00e0 outils INDUCE) o\u00f9 du mat\u00e9riel de formation, des le\u00e7ons en ligne, des directives et des outils seront disponibles pour les entreprises souhaitant accro\u00eetre leur efficacit\u00e9 \u00e9nerg\u00e9tique. En outre, la m\u00e9thodologie INDUCE sera int\u00e9gr\u00e9e \u00e0 la plate-forme dans le but de concevoir un programme de renforcement des capacit\u00e9s sp\u00e9cifique pour chaque entreprise acc\u00e9dant \u00e0 la bo\u00eete \u00e0 outils INDUCE, ce qui se traduira par une formation ad-hoc adapt\u00e9e aux besoins et aux opportunit\u00e9s de l\u2019entreprise.<\/p>\n<p>La m\u00e9thodologie INDUCE associera le transfert de connaissances sur l\u2019efficacit\u00e9 \u00e9nerg\u00e9tique \u00e0 des mod\u00e8les de changement comportemental et organisationnel. Ainsi, une culture \u00e9nerg\u00e9tique et un environnement propice au changement seront \u00e9tablis dans l\u2019entreprise, tandis que les employ\u00e9s sont motiv\u00e9s \u00e0 agir de mani\u00e8re plus durable. Cette m\u00e9thodologie a ceci de particulier qu\u2019elle suivra une approche de conception centr\u00e9e sur l\u2019\u00eatre humain, dans laquelle chaque phase sera men\u00e9e en \u00e9troite coop\u00e9ration avec les utilisateurs finaux du programme de renforcement des capacit\u00e9s. Cela permettra \u00e0 INDUCE d&rsquo;interagir et de tester avec les entreprises les meilleures interventions, mesures, etc. \u00e0 mettre en \u0153uvre.<\/p>\n<p>Le projet INDUCE fournira une m\u00e9thodologie pour la mise en \u0153uvre de programmes de renforcement des capacit\u00e9s en efficacit\u00e9 \u00e9nerg\u00e9tique bas\u00e9e sur une approche de conception centr\u00e9e sur l&rsquo;homme, menant \u00e0 la conception ad-hoc de cours de formation et d&rsquo;interventions qui alignent la motivation des acteurs impliqu\u00e9s avec une culture d&rsquo;efficacit\u00e9 \u00e9nerg\u00e9tique. . INDUCE impl\u00e9mentera cette m\u00e9thodologie dans 15 entreprises pilotes et 300 entreprises de r\u00e9plication du secteur agro-alimentaire et de l&rsquo;alimentation, ce qui permettra un changement de comportement chez jusqu&rsquo;\u00e0 5,355 employ\u00e9s et la mise en \u0153uvre d&rsquo;au moins 400 mesures efficaces d&rsquo;efficacit\u00e9 \u00e9nerg\u00e9tique, exploitant ainsi un potentiel \u00e9nerg\u00e9tique. \u00e9conomies d&rsquo;environ 106 GWh \/ an.<\/p>\n<p>\n\t\t<\/div>\r\n\t<\/div><!-- .bs-text -->\r\n\t<div  class=\"bs-shortcode bs-heading-shortcode bscb-12662 bsb-have-heading-color\">\r\n\t\t\t\t<h3 class=\"section-heading sh-t4 sh-s1\">\r\n\t\t\t\t<span class=\"h-text\">Vision du projet<\/span>\r\n\t\t\t\t<\/h3>\r\n\t\t\t<\/div>\r\n[vc_row_inner][vc_column_inner width=\u00a0\u00bb1\/3&Prime;][vc_raw_html]PGRpdiBjbGFzcz0iYnMtc2hvcnRjb2RlIGJzLWJveCBicy1ib3gtMyAgYm94LXRleHQtbGVmdCBib3gtbm8tYmcgIj4NCgkJCQk8ZGl2IGNsYXNzPSJicy1ib3gtaW5uZXIiPg0KCQkJCQkJPGRpdiBjbGFzcz0iYm94LWNvbnRlbnQiPg0KCQkJCTxkaXYgY2xhc3M9ImJveC1pbWFnZSIgc3R5bGU9ImJhY2tncm91bmQtaW1hZ2U6IHVybCgnL3dwLWNvbnRlbnQvdXBsb2Fkcy8yMDE4LzA0L2VuZXJneS1lZmZpY2llbmN5LmpwZycpIj4NCgkJCQk8L2Rpdj4NCgkJCQk8ZGl2IGNsYXNzPSJib3gtdGV4dCI+DQoJCQkJCQkJCQkJPGgzIGNsYXNzPSJib3gtdGl0bGUiPkVuZXJneSBFZmZpY2llbmN5PC9oMz4NCgkJCQkNCgkJCQk8L2Rpdj4NCgkJCTwvZGl2Pg0KCQk8L2Rpdj4NCgk8L2Rpdj4=[\/vc_raw_html][vc_raw_html]PGRpdiBjbGFzcz0iYnMtc2hvcnRjb2RlIGJzLWJveCBicy1ib3gtMyAgYm94LXRleHQtbGVmdCBib3gtbm8tYmcgIj4NCgkJCQk8ZGl2IGNsYXNzPSJicy1ib3gtaW5uZXIiPg0KCQkJCQkJPGRpdiBjbGFzcz0iYm94LWNvbnRlbnQiPg0KCQkJCTxkaXYgY2xhc3M9ImJveC1pbWFnZSIgc3R5bGU9ImJhY2tncm91bmQtaW1hZ2U6IHVybCgnL3dwLWNvbnRlbnQvdXBsb2Fkcy8yMDE4LzA0L3JlcG9ydC1ndWlkZWxpbmVzLmpwZycpIj4NCgkJCQk8L2Rpdj4NCgkJCQk8ZGl2IGNsYXNzPSJib3gtdGV4dCI+DQoJCQkJCQkJCQkJPGgzIGNsYXNzPSJib3gtdGl0bGUiPlJlcG9ydHMgJiBHdWlkZWxpbmVzPC9oMz4NCgkJCQkNCgkJCQk8L2Rpdj4NCgkJCTwvZGl2Pg0KCQk8L2Rpdj4NCgk8L2Rpdj4=[\/vc_raw_html][\/vc_column_inner][vc_column_inner width=\u00a0\u00bb1\/3&Prime;][vc_raw_html]PGRpdiBjbGFzcz0iYnMtc2hvcnRjb2RlIGJzLWJveCBicy1ib3gtMyAgYm94LXRleHQtbGVmdCBib3gtbm8tYmcgIj4NCgkJCQk8ZGl2IGNsYXNzPSJicy1ib3gtaW5uZXIiPg0KCQkJCQkJPGRpdiBjbGFzcz0iYm94LWNvbnRlbnQiPg0KCQkJCTxkaXYgY2xhc3M9ImJveC1pbWFnZSIgc3R5bGU9ImJhY2tncm91bmQtaW1hZ2U6IHVybCgnL3dwLWNvbnRlbnQvdXBsb2Fkcy8yMDE4LzA0L2tub3dsZGdlLWJhc2UuanBnJykiPg0KCQkJCTwvZGl2Pg0KCQkJCTxkaXYgY2xhc3M9ImJveC10ZXh0Ij4NCgkJCQkJCQkJCQk8aDMgY2xhc3M9ImJveC10aXRsZSI+RGF0YSAmIEtub3dsZWRnZSBCYXNlPC9oMz4NCgkJCQkNCgkJCQk8L2Rpdj4NCgkJCTwvZGl2Pg0KCQk8L2Rpdj4NCgk8L2Rpdj4=[\/vc_raw_html][vc_raw_html]PGRpdiBjbGFzcz0iYnMtc2hvcnRjb2RlIGJzLWJveCBicy1ib3gtMyAgYm94LXRleHQtbGVmdCBib3gtbm8tYmcgIj4NCgkJCQk8ZGl2IGNsYXNzPSJicy1ib3gtaW5uZXIiPg0KCQkJCQkJPGRpdiBjbGFzcz0iYm94LWNvbnRlbnQiPg0KCQkJCTxkaXYgY2xhc3M9ImJveC1pbWFnZSIgc3R5bGU9ImJhY2tncm91bmQtaW1hZ2U6IHVybCgnL3dwLWNvbnRlbnQvdXBsb2Fkcy8yMDE4LzA0L2VuZXJneS1zYXZpbmcuanBnJykiPg0KCQkJCTwvZGl2Pg0KCQkJCTxkaXYgY2xhc3M9ImJveC10ZXh0Ij4NCgkJCQkJCQkJCQk8aDMgY2xhc3M9ImJveC10aXRsZSI+DQpFbmVyZ3kgc2F2aW5nPC9oMz4NCgkJCQkNCgkJCQk8L2Rpdj4NCgkJCTwvZGl2Pg0KCQk8L2Rpdj4NCgk8L2Rpdj4=[\/vc_raw_html][\/vc_column_inner][vc_column_inner width=\u00a0\u00bb1\/3&Prime;][vc_raw_html]PGRpdiBjbGFzcz0iYnMtc2hvcnRjb2RlIGJzLWJveCBicy1ib3gtMyAgYm94LXRleHQtbGVmdCBib3gtbm8tYmcgIj4NCgkJCQk8ZGl2IGNsYXNzPSJicy1ib3gtaW5uZXIiPg0KCQkJCQkJPGRpdiBjbGFzcz0iYm94LWNvbnRlbnQiPg0KCQkJCTxkaXYgY2xhc3M9ImJveC1pbWFnZSIgc3R5bGU9ImJhY2tncm91bmQtaW1hZ2U6IHVybCgnL3dwLWNvbnRlbnQvdXBsb2Fkcy8yMDE4LzA0L2NhcGFjaXR5LWJ1aWxkaW5nLmpwZycpIj4NCgkJCQk8L2Rpdj4NCgkJCQk8ZGl2IGNsYXNzPSJib3gtdGV4dCI+DQoJCQkJCQkJCQkJPGgzIGNsYXNzPSJib3gtdGl0bGUiPkNhcGFjaXR5IEJ1aWxkaW5nPC9oMz4NCgkJCQkNCgkJCQk8L2Rpdj4NCgkJCTwvZGl2Pg0KCQk8L2Rpdj4NCgk8L2Rpdj4=[\/vc_raw_html][vc_raw_html]PGRpdiBjbGFzcz0iYnMtc2hvcnRjb2RlIGJzLWJveCBicy1ib3gtMyAgYm94LXRleHQtbGVmdCBib3gtbm8tYmcgIj4NCgkJCQk8ZGl2IGNsYXNzPSJicy1ib3gtaW5uZXIiPg0KCQkJCQkJPGRpdiBjbGFzcz0iYm94LWNvbnRlbnQiPg0KCQkJCTxkaXYgY2xhc3M9ImJveC1pbWFnZSIgc3R5bGU9ImJhY2tncm91bmQtaW1hZ2U6IHVybCgnL3dwLWNvbnRlbnQvdXBsb2Fkcy8yMDE4LzA0L2Zvb2QtYW5kLWJldmVyYWdlLmpwZycpIj4NCgkJCQk8L2Rpdj4NCgkJCQk8ZGl2IGNsYXNzPSJib3gtdGV4dCI+DQoJCQkJCQkJCQkJPGgzIGNsYXNzPSJib3gtdGl0bGUiPkZvb2QgJiBCZXZlcmFnZSBJbmR1c3RyeTwvaDM+DQoJCQkJDQoJCQkJPC9kaXY+DQoJCQk8L2Rpdj4NCgkJPC9kaXY+DQoJPC9kaXY+[\/vc_raw_html][\/vc_column_inner][\/vc_row_inner][\/vc_column][vc_column width=\u00a0\u00bb1\/4&Prime;]\t<div  class=\"bs-shortcode bs-heading-shortcode bscb-53471 bsb-have-heading-color\">\r\n\t\t\t\t<h3 class=\"section-heading sh-t4 sh-s1\">\r\n\t\t\t\t<span class=\"h-text\">Flux Twitter<\/span>\r\n\t\t\t\t<\/h3>\r\n\t\t\t<\/div>\r\n[vc_widget_sidebar sidebar_id=\u00a0\u00bbsecondary-sidebar\u00a0\u00bb][\/vc_column][\/vc_row]<\/p>\n","protected":false},"excerpt":{"rendered":"<p>[vc_row][vc_column width=\u00a0\u00bb3\/4&Prime;][vc_row_inner][vc_column_inner width=\u00a0\u00bb1\/3&Prime;][vc_raw_html]PGRpdiBjbGFzcz0iYnMtc2hvcnRjb2RlIGJzLWJveCBicy1ib3gtMyAgYm94LXRleHQtbGVmdCBib3gtbm8tYmcgIj4NCgkJCQk8ZGl2IGNsYXNzPSJicy1ib3gtaW5uZXIiPg0KCQkJCQkJPGRpdiBjbGFzcz0iYm94LWNvbnRlbnQiPg0KCQkJCTxkaXYgY2xhc3M9ImJveC1pbWFnZSIgc3R5bGU9ImJhY2tncm91bmQtaW1hZ2U6IHVybCgnL3dwLWNvbnRlbnQvdXBsb2Fkcy8yMDE4LzA0L2VuZXJneS1lZmZpY2llbmN5LmpwZycpIj4NCgkJCQk8L2Rpdj4NCgkJCQk8ZGl2IGNsYXNzPSJib3gtdGV4dCI+DQoJCQkJCQkJCQkJPGgzIGNsYXNzPSJib3gtdGl0bGUiPkVuZXJneSBFZmZpY2llbmN5PC9oMz4NCgkJCQkNCgkJCQk8L2Rpdj4NCgkJCTwvZGl2Pg0KCQk8L2Rpdj4NCgk8L2Rpdj4=[\/vc_raw_html][vc_raw_html]PGRpdiBjbGFzcz0iYnMtc2hvcnRjb2RlIGJzLWJveCBicy1ib3gtMyAgYm94LXRleHQtbGVmdCBib3gtbm8tYmcgIj4NCgkJCQk8ZGl2IGNsYXNzPSJicy1ib3gtaW5uZXIiPg0KCQkJCQkJPGRpdiBjbGFzcz0iYm94LWNvbnRlbnQiPg0KCQkJCTxkaXYgY2xhc3M9ImJveC1pbWFnZSIgc3R5bGU9ImJhY2tncm91bmQtaW1hZ2U6IHVybCgnL3dwLWNvbnRlbnQvdXBsb2Fkcy8yMDE4LzA0L3JlcG9ydC1ndWlkZWxpbmVzLmpwZycpIj4NCgkJCQk8L2Rpdj4NCgkJCQk8ZGl2IGNsYXNzPSJib3gtdGV4dCI+DQoJCQkJCQkJCQkJPGgzIGNsYXNzPSJib3gtdGl0bGUiPlJlcG9ydHMgJiBHdWlkZWxpbmVzPC9oMz4NCgkJCQkNCgkJCQk8L2Rpdj4NCgkJCTwvZGl2Pg0KCQk8L2Rpdj4NCgk8L2Rpdj4=[\/vc_raw_html][\/vc_column_inner][vc_column_inner width=\u00a0\u00bb1\/3&Prime;][vc_raw_html]PGRpdiBjbGFzcz0iYnMtc2hvcnRjb2RlIGJzLWJveCBicy1ib3gtMyAgYm94LXRleHQtbGVmdCBib3gtbm8tYmcgIj4NCgkJCQk8ZGl2IGNsYXNzPSJicy1ib3gtaW5uZXIiPg0KCQkJCQkJPGRpdiBjbGFzcz0iYm94LWNvbnRlbnQiPg0KCQkJCTxkaXYgY2xhc3M9ImJveC1pbWFnZSIgc3R5bGU9ImJhY2tncm91bmQtaW1hZ2U6IHVybCgnL3dwLWNvbnRlbnQvdXBsb2Fkcy8yMDE4LzA0L2tub3dsZGdlLWJhc2UuanBnJykiPg0KCQkJCTwvZGl2Pg0KCQkJCTxkaXYgY2xhc3M9ImJveC10ZXh0Ij4NCgkJCQkJCQkJCQk8aDMgY2xhc3M9ImJveC10aXRsZSI+RGF0YSAmIEtub3dsZWRnZSBCYXNlPC9oMz4NCgkJCQkNCgkJCQk8L2Rpdj4NCgkJCTwvZGl2Pg0KCQk8L2Rpdj4NCgk8L2Rpdj4=[\/vc_raw_html][vc_raw_html]PGRpdiBjbGFzcz0iYnMtc2hvcnRjb2RlIGJzLWJveCBicy1ib3gtMyAgYm94LXRleHQtbGVmdCBib3gtbm8tYmcgIj4NCgkJCQk8ZGl2IGNsYXNzPSJicy1ib3gtaW5uZXIiPg0KCQkJCQkJPGRpdiBjbGFzcz0iYm94LWNvbnRlbnQiPg0KCQkJCTxkaXYgY2xhc3M9ImJveC1pbWFnZSIgc3R5bGU9ImJhY2tncm91bmQtaW1hZ2U6IHVybCgnL3dwLWNvbnRlbnQvdXBsb2Fkcy8yMDE4LzA0L2VuZXJneS1zYXZpbmcuanBnJykiPg0KCQkJCTwvZGl2Pg0KCQkJCTxkaXYgY2xhc3M9ImJveC10ZXh0Ij4NCgkJCQkJCQkJCQk8aDMgY2xhc3M9ImJveC10aXRsZSI+DQpFbmVyZ3kgc2F2aW5nPC9oMz4NCgkJCQkNCgkJCQk8L2Rpdj4NCgkJCTwvZGl2Pg0KCQk8L2Rpdj4NCgk8L2Rpdj4=[\/vc_raw_html][\/vc_column_inner][vc_column_inner width=\u00a0\u00bb1\/3&Prime;][vc_raw_html]PGRpdiBjbGFzcz0iYnMtc2hvcnRjb2RlIGJzLWJveCBicy1ib3gtMyAgYm94LXRleHQtbGVmdCBib3gtbm8tYmcgIj4NCgkJCQk8ZGl2IGNsYXNzPSJicy1ib3gtaW5uZXIiPg0KCQkJCQkJPGRpdiBjbGFzcz0iYm94LWNvbnRlbnQiPg0KCQkJCTxkaXYgY2xhc3M9ImJveC1pbWFnZSIgc3R5bGU9ImJhY2tncm91bmQtaW1hZ2U6IHVybCgnL3dwLWNvbnRlbnQvdXBsb2Fkcy8yMDE4LzA0L2NhcGFjaXR5LWJ1aWxkaW5nLmpwZycpIj4NCgkJCQk8L2Rpdj4NCgkJCQk8ZGl2IGNsYXNzPSJib3gtdGV4dCI+DQoJCQkJCQkJCQkJPGgzIGNsYXNzPSJib3gtdGl0bGUiPkNhcGFjaXR5IEJ1aWxkaW5nPC9oMz4NCgkJCQkNCgkJCQk8L2Rpdj4NCgkJCTwvZGl2Pg0KCQk8L2Rpdj4NCgk8L2Rpdj4=[\/vc_raw_html][vc_raw_html]PGRpdiBjbGFzcz0iYnMtc2hvcnRjb2RlIGJzLWJveCBicy1ib3gtMyAgYm94LXRleHQtbGVmdCBib3gtbm8tYmcgIj4NCgkJCQk8ZGl2IGNsYXNzPSJicy1ib3gtaW5uZXIiPg0KCQkJCQkJPGRpdiBjbGFzcz0iYm94LWNvbnRlbnQiPg0KCQkJCTxkaXYgY2xhc3M9ImJveC1pbWFnZSIgc3R5bGU9ImJhY2tncm91bmQtaW1hZ2U6IHVybCgnL3dwLWNvbnRlbnQvdXBsb2Fkcy8yMDE4LzA0L2Zvb2QtYW5kLWJldmVyYWdlLmpwZycpIj4NCgkJCQk8L2Rpdj4NCgkJCQk8ZGl2IGNsYXNzPSJib3gtdGV4dCI+DQoJCQkJCQkJCQkJPGgzIGNsYXNzPSJib3gtdGl0bGUiPkZvb2QgJiBCZXZlcmFnZSBJbmR1c3RyeTwvaDM+DQoJCQkJDQoJCQkJPC9kaXY+DQoJCQk8L2Rpdj4NCgkJPC9kaXY+DQoJPC9kaXY+[\/vc_raw_html][\/vc_column_inner][\/vc_row_inner][\/vc_column][vc_column width=\u00a0\u00bb1\/4&Prime;][vc_widget_sidebar sidebar_id=\u00a0\u00bbsecondary-sidebar\u00a0\u00bb][\/vc_column][\/vc_row]<\/p>\n","protected":false},"author":1,"featured_media":0,"parent":0,"menu_order":0,"comment_status":"closed","ping_status":"closed","template":"","meta":[],"_links":{"self":[{"href":"https:\/\/www.energyefficientfoodindustry.eu\/fr\/wp-json\/wp\/v2\/pages\/1120"}],"collection":[{"href":"https:\/\/www.energyefficientfoodindustry.eu\/fr\/wp-json\/wp\/v2\/pages"}],"about":[{"href":"https:\/\/www.energyefficientfoodindustry.eu\/fr\/wp-json\/wp\/v2\/types\/page"}],"author":[{"embeddable":true,"href":"https:\/\/www.energyefficientfoodindustry.eu\/fr\/wp-json\/wp\/v2\/users\/1"}],"replies":[{"embeddable":true,"href":"https:\/\/www.energyefficientfoodindustry.eu\/fr\/wp-json\/wp\/v2\/comments?post=1120"}],"version-history":[{"count":9,"href":"https:\/\/www.energyefficientfoodindustry.eu\/fr\/wp-json\/wp\/v2\/pages\/1120\/revisions"}],"predecessor-version":[{"id":1188,"href":"https:\/\/www.energyefficientfoodindustry.eu\/fr\/wp-json\/wp\/v2\/pages\/1120\/revisions\/1188"}],"wp:attachment":[{"href":"https:\/\/www.energyefficientfoodindustry.eu\/fr\/wp-json\/wp\/v2\/media?parent=1120"}],"curies":[{"name":"wp","href":"https:\/\/api.w.org\/{rel}","templated":true}]}}